{"id":1739,"date":"2022-04-12T14:44:02","date_gmt":"2022-04-12T19:44:02","guid":{"rendered":"https:\/\/elpizarron.co\/cachivaches\/?post_type=product&#038;p=1739"},"modified":"2024-08-14T15:27:58","modified_gmt":"2024-08-14T20:27:58","slug":"agenda-%c2%b7-ing-mecanica-ing-mecanico","status":"publish","type":"product","link":"https:\/\/elpizarron.co\/cachivaches\/producto\/agenda-%c2%b7-ing-mecanica-ing-mecanico\/","title":{"rendered":"Agenda \u00b7 Ing Mec\u00e1nica &#8211; Ing Mec\u00e1nico"},"content":{"rendered":"<h2>Agenda Con L\u00ednea Chibi Predeterminada \ud83d\ude0d<\/h2>\n<p>Recuerda que puedes realizar modificaciones como: Tono de piel, cabello, color de ojos.<\/p>\n<p>Las caracter\u00edsticas de la agenda son las siguientes:<\/p>\n<p>\u00b7 Pasta Dura<br \/>\n\u00b7 Argollada<br \/>\n\u00b7 Medida 17\u00d724 cm<\/p>\n<p>Esta hermosa agenda personalizada Contiene:<\/p>\n<p>\u00b7 Hoja de datos personales<br \/>\n\u00b7 Calendario<br \/>\n\u00b7 Para recordar- Planeador<br \/>\n\u00b7 P\u00e1gina Interna Personalizada<br \/>\n\u00b7 100 hojas Cuadriculadas<\/p>\n<p>Tiempo de entrega es de 4 d\u00edas h\u00e1biles.<\/p>\n","protected":false},"excerpt":{"rendered":"<p>&nbsp;<\/p>\n<p><a href=\"https:\/\/web.whatsapp.com\/send?phone=573118878181&amp;text=Hola\" target=\"_blank\" rel=\"noopener noreferrer\"><img decoding=\"async\" src=\"https:\/\/elpizarron.co\/cachivaches\/wp-content\/uploads\/sites\/2\/2020\/11\/boton_Escribenos.png\" width=\"200px\" \/><\/a><\/p>\n","protected":false},"featured_media":1668,"comment_status":"open","ping_status":"closed","template":"","meta":{"om_disable_all_campaigns":false},"product_brand":[],"product_cat":[15,80],"product_tag":[48,46],"class_list":{"0":"post-1739","1":"product","2":"type-product","3":"status-publish","4":"has-post-thumbnail","6":"product_cat-agendas","7":"product_cat-profesiones","8":"product_tag-agenda","9":"product_tag-profesiones","11":"first","12":"instock","13":"shipping-taxable","14":"purchasable","15":"product-type-simple","16":"add-to-wishlist-after_add_to_cart"},"aioseo_notices":[],"_links":{"self":[{"href":"https:\/\/elpizarron.co\/cachivaches\/wp-json\/wp\/v2\/product\/1739","targetHints":{"allow":["GET"]}}],"collection":[{"href":"https:\/\/elpizarron.co\/cachivaches\/wp-json\/wp\/v2\/product"}],"about":[{"href":"https:\/\/elpizarron.co\/cachivaches\/wp-json\/wp\/v2\/types\/product"}],"replies":[{"embeddable":true,"href":"https:\/\/elpizarron.co\/cachivaches\/wp-json\/wp\/v2\/comments?post=1739"}],"wp:featuredmedia":[{"embeddable":true,"href":"https:\/\/elpizarron.co\/cachivaches\/wp-json\/wp\/v2\/media\/1668"}],"wp:attachment":[{"href":"https:\/\/elpizarron.co\/cachivaches\/wp-json\/wp\/v2\/media?parent=1739"}],"wp:term":[{"taxonomy":"product_brand","embeddable":true,"href":"https:\/\/elpizarron.co\/cachivaches\/wp-json\/wp\/v2\/product_brand?post=1739"},{"taxonomy":"product_cat","embeddable":true,"href":"https:\/\/elpizarron.co\/cachivaches\/wp-json\/wp\/v2\/product_cat?post=1739"},{"taxonomy":"product_tag","embeddable":true,"href":"https:\/\/elpizarron.co\/cachivaches\/wp-json\/wp\/v2\/product_tag?post=1739"}],"curies":[{"name":"wp","href":"https:\/\/api.w.org\/{rel}","templated":true}]}}