{"id":2008,"date":"2022-04-19T11:48:04","date_gmt":"2022-04-19T16:48:04","guid":{"rendered":"https:\/\/elpizarron.co\/cachivaches\/?post_type=product&#038;p=2008"},"modified":"2025-04-14T15:57:49","modified_gmt":"2025-04-14T20:57:49","slug":"mug-%c2%b7-ing-mecanica-ing-mecanico","status":"publish","type":"product","link":"https:\/\/elpizarron.co\/cachivaches\/producto\/mug-%c2%b7-ing-mecanica-ing-mecanico\/","title":{"rendered":"Mug \u00b7 Ing Mec\u00e1nica &#8211; Ing Mec\u00e1nico"},"content":{"rendered":"<h2>Mug Con L\u00ednea Chibi \ud83d\ude0d<\/h2>\n<p>Recuerda que puedes realizar modificaciones como: Tono de piel, cabello, color de ojos.<\/p>\n<p>Tiempo de entrega de 2-3 d\u00edas h\u00e1biles.<\/p>\n","protected":false},"excerpt":{"rendered":"<p>&nbsp;<\/p>\n<p><a href=\"https:\/\/web.whatsapp.com\/send?phone=573118878181&amp;text=Hola\" target=\"_blank\" rel=\"noopener noreferrer\"><img decoding=\"async\" src=\"https:\/\/elpizarron.co\/cachivaches\/wp-content\/uploads\/sites\/2\/2020\/11\/boton_Escribenos.png\" width=\"200px\" \/><\/a><\/p>\n","protected":false},"featured_media":2817,"comment_status":"open","ping_status":"closed","template":"","meta":{"om_disable_all_campaigns":false},"product_brand":[],"product_cat":[17,80],"product_tag":[18,46],"class_list":{"0":"post-2008","1":"product","2":"type-product","3":"status-publish","4":"has-post-thumbnail","6":"product_cat-mugs","7":"product_cat-profesiones","8":"product_tag-mug","9":"product_tag-profesiones","11":"first","12":"instock","13":"shipping-taxable","14":"purchasable","15":"product-type-simple","16":"add-to-wishlist-after_add_to_cart"},"aioseo_notices":[],"_links":{"self":[{"href":"https:\/\/elpizarron.co\/cachivaches\/wp-json\/wp\/v2\/product\/2008","targetHints":{"allow":["GET"]}}],"collection":[{"href":"https:\/\/elpizarron.co\/cachivaches\/wp-json\/wp\/v2\/product"}],"about":[{"href":"https:\/\/elpizarron.co\/cachivaches\/wp-json\/wp\/v2\/types\/product"}],"replies":[{"embeddable":true,"href":"https:\/\/elpizarron.co\/cachivaches\/wp-json\/wp\/v2\/comments?post=2008"}],"wp:featuredmedia":[{"embeddable":true,"href":"https:\/\/elpizarron.co\/cachivaches\/wp-json\/wp\/v2\/media\/2817"}],"wp:attachment":[{"href":"https:\/\/elpizarron.co\/cachivaches\/wp-json\/wp\/v2\/media?parent=2008"}],"wp:term":[{"taxonomy":"product_brand","embeddable":true,"href":"https:\/\/elpizarron.co\/cachivaches\/wp-json\/wp\/v2\/product_brand?post=2008"},{"taxonomy":"product_cat","embeddable":true,"href":"https:\/\/elpizarron.co\/cachivaches\/wp-json\/wp\/v2\/product_cat?post=2008"},{"taxonomy":"product_tag","embeddable":true,"href":"https:\/\/elpizarron.co\/cachivaches\/wp-json\/wp\/v2\/product_tag?post=2008"}],"curies":[{"name":"wp","href":"https:\/\/api.w.org\/{rel}","templated":true}]}}