{"id":2012,"date":"2022-04-19T15:23:21","date_gmt":"2022-04-19T20:23:21","guid":{"rendered":"https:\/\/elpizarron.co\/cachivaches\/?post_type=product&#038;p=2012"},"modified":"2024-08-12T10:12:20","modified_gmt":"2024-08-12T15:12:20","slug":"mug-%c2%b7-novios","status":"publish","type":"product","link":"https:\/\/elpizarron.co\/cachivaches\/producto\/mug-%c2%b7-novios\/","title":{"rendered":"Mug \u00b7 Novios"},"content":{"rendered":"<h2>Coj\u00edn Con L\u00ednea Chibi \ud83d\ude0d<\/h2>\n<p>Recuerda que puedes realizar modificaciones como: Tono de piel, cabello, color de ojos.<\/p>\n<p>\u00b7 Coj\u00edn Tama\u00f1o 34x34cm Color Reverso seg\u00fan disponibilidad de stock<\/p>\n<p>Tiempo de entrega es de 2-3 d\u00edas h\u00e1biles.<\/p>\n","protected":false},"excerpt":{"rendered":"<p>&nbsp;<\/p>\n<p><a href=\"https:\/\/web.whatsapp.com\/send?phone=573118878181&amp;text=Hola\" target=\"_blank\" rel=\"noopener noreferrer\"><img decoding=\"async\" src=\"https:\/\/elpizarron.co\/cachivaches\/wp-content\/uploads\/sites\/2\/2020\/11\/boton_Escribenos.png\" width=\"200px\" \/><\/a><\/p>\n","protected":false},"featured_media":1848,"comment_status":"open","ping_status":"closed","template":"","meta":{"om_disable_all_campaigns":false},"product_brand":[],"product_cat":[78,17],"product_tag":[99,18],"class_list":{"0":"post-2012","1":"product","2":"type-product","3":"status-publish","4":"has-post-thumbnail","6":"product_cat-amor-y-amistad","7":"product_cat-mugs","8":"product_tag-amor-y-amistad","9":"product_tag-mug","11":"first","12":"instock","13":"shipping-taxable","14":"purchasable","15":"product-type-simple","16":"add-to-wishlist-after_add_to_cart"},"aioseo_notices":[],"_links":{"self":[{"href":"https:\/\/elpizarron.co\/cachivaches\/wp-json\/wp\/v2\/product\/2012","targetHints":{"allow":["GET"]}}],"collection":[{"href":"https:\/\/elpizarron.co\/cachivaches\/wp-json\/wp\/v2\/product"}],"about":[{"href":"https:\/\/elpizarron.co\/cachivaches\/wp-json\/wp\/v2\/types\/product"}],"replies":[{"embeddable":true,"href":"https:\/\/elpizarron.co\/cachivaches\/wp-json\/wp\/v2\/comments?post=2012"}],"wp:featuredmedia":[{"embeddable":true,"href":"https:\/\/elpizarron.co\/cachivaches\/wp-json\/wp\/v2\/media\/1848"}],"wp:attachment":[{"href":"https:\/\/elpizarron.co\/cachivaches\/wp-json\/wp\/v2\/media?parent=2012"}],"wp:term":[{"taxonomy":"product_brand","embeddable":true,"href":"https:\/\/elpizarron.co\/cachivaches\/wp-json\/wp\/v2\/product_brand?post=2012"},{"taxonomy":"product_cat","embeddable":true,"href":"https:\/\/elpizarron.co\/cachivaches\/wp-json\/wp\/v2\/product_cat?post=2012"},{"taxonomy":"product_tag","embeddable":true,"href":"https:\/\/elpizarron.co\/cachivaches\/wp-json\/wp\/v2\/product_tag?post=2012"}],"curies":[{"name":"wp","href":"https:\/\/api.w.org\/{rel}","templated":true}]}}